{"id":5,"date":"2009-10-25T09:39:34","date_gmt":"2009-10-25T08:39:34","guid":{"rendered":"http:\/\/www.train-passion-pocher.com\/?page_id=5"},"modified":"2026-02-06T01:05:02","modified_gmt":"2026-02-05T23:05:02","slug":"bienvenue","status":"publish","type":"page","link":"https:\/\/www.train-passion-pocher.com\/","title":{"rendered":"bienvenue &#8211; Benvenuto &#8211; Welcome &#8211; Willkommen"},"content":{"rendered":"<p style=\"text-align: center;\"><a href=\"https:\/\/www.train-passion-pocher.com\/?p=12284\"><strong><em><span style=\"color: #ff6600;\">Version fran\u00e7aise, cliquer ici :&nbsp; <\/span><\/em><\/strong><\/a><\/p>\n<p style=\"text-align: center;\"><strong><em><span style=\"color: #ff6600;\">&nbsp;<a href=\"https:\/\/www.train-passion-pocher.com\/?p=12284\" data-wp-editing=\"1\"><img loading=\"lazy\" decoding=\"async\" class=\"alignnone  wp-image-1938\" title=\"francais\" src=\"https:\/\/www.train-passion-pocher.com\/wp-content\/uploads\/2010\/04\/francais-150x94.png\" alt=\"francais\" width=\"34\" height=\"22\"><\/a><\/span><\/em><\/strong><\/p>\n<p style=\"text-align: center;\"><a href=\"https:\/\/www.train-passion-pocher.com\/?p=1885\"><strong><em><span style=\"color: #ff6600;\">Versione italiana, clicca qui :&nbsp;<\/span><\/em><\/strong><\/a><\/p>\n<p style=\"text-align: center;\"><strong><em><span style=\"color: #ff6600;\"> &nbsp;<a href=\"https:\/\/www.train-passion-pocher.com\/?p=1885\" target=\"_blank\" rel=\"noopener\"><img loading=\"lazy\" decoding=\"async\" class=\"alignnone  wp-image-1888\" title=\"italien\" src=\"https:\/\/www.train-passion-pocher.com\/wp-content\/uploads\/2010\/04\/italien.jpg\" alt=\"italien\" width=\"34\" height=\"22\"><\/a><\/span><\/em><\/strong><\/p>\n<p style=\"text-align: center;\"><a href=\"https:\/\/www.train-passion-pocher.com\/?p=1915\"><strong><em><span style=\"color: #ff6600;\">The english version, click here :&nbsp; <\/span><\/em><\/strong><\/a><\/p>\n<p style=\"text-align: center;\"><strong><em><span style=\"color: #ff6600;\">&nbsp;<a href=\"https:\/\/www.train-passion-pocher.com\/?p=1915\"><img loading=\"lazy\" decoding=\"async\" class=\"alignnone  wp-image-1886\" title=\"anglais\" src=\"https:\/\/www.train-passion-pocher.com\/wp-content\/uploads\/2010\/04\/anglais.jpg\" alt=\"anglais\" width=\"34\" height=\"22\"><\/a><\/span><\/em><\/strong><\/p>\n<p style=\"text-align: center;\"><a href=\"https:\/\/www.train-passion-pocher.com\/?p=1829\"><strong><em><span style=\"color: #ff6600;\">Die deutsche version, klicken Sie hier :&nbsp;<\/span><\/em><\/strong><\/a><\/p>\n<p style=\"text-align: center;\"><strong><em><span style=\"color: #ff6600;\"> &nbsp;<a href=\"https:\/\/www.train-passion-pocher.com\/?p=1829\"><img loading=\"lazy\" decoding=\"async\" class=\"alignnone  wp-image-1887\" title=\"allemand\" src=\"https:\/\/www.train-passion-pocher.com\/wp-content\/uploads\/2010\/04\/allemand.jpg\" alt=\"allemand\" width=\"34\" height=\"22\"><\/a><\/span><\/em><\/strong><\/p>\n<h6 style=\"text-align: center;\"><strong><em style=\"color: #ff9900;\">Petit forum pour vos commentaires : <\/em><\/strong><span style=\"color: #ff0000;\"><a style=\"color: #ff0000;\" href=\"https:\/\/train-passion-pocher.forumactif.com\/\"><strong><em>ici<\/em><\/strong><\/a><\/span><\/h6>\n<h6 style=\"text-align: center;\"><strong><em style=\"color: #ff9900;\">Un piccolo forum per i vostri commenti : <\/em><\/strong><span style=\"color: #ff0000;\"><a style=\"color: #ff0000;\" href=\"https:\/\/train-passion-pocher.forumactif.com\/\"><strong><em>qui<\/em><\/strong><\/a><\/span><\/h6>\n<h6 style=\"text-align: center;\"><strong><em style=\"color: #ff9900;\">A small forum for your comments : <\/em><\/strong><span style=\"color: #ff0000;\"><a style=\"color: #ff0000;\" href=\"https:\/\/train-passion-pocher.forumactif.com\/\"><strong><em>here<\/em><\/strong><\/a><\/span><\/h6>\n<h6 style=\"text-align: center;\"><strong><em style=\"color: #ff9900;\">Ein kleines Forum f\u00fcr Ihre Kommentare : <\/em><\/strong><span style=\"color: #ff0000;\"><a style=\"color: #ff0000;\" href=\"https:\/\/train-passion-pocher.forumactif.com\/\"><strong><em>hier<\/em><\/strong><\/a><\/span><\/h6>\n<h1 style=\"text-align: center;\"><span style=\"color: #ff6600;\"><strong><em>Bonne ann\u00e9e &#8211; 2026<\/em><\/strong><\/span><\/h1>\n<h4 style=\"text-align: center;\">&nbsp;<\/h4>\n<p><iframe loading=\"lazy\" title=\"pocher  circuit\" width=\"500\" height=\"281\" src=\"https:\/\/www.youtube.com\/embed\/Qd29vkn6ZiY?feature=oembed\" frameborder=\"0\" allow=\"accelerometer; autoplay; clipboard-write; encrypted-media; gyroscope; picture-in-picture; web-share\" referrerpolicy=\"strict-origin-when-cross-origin\" allowfullscreen><\/iframe><\/p>\n<h3><strong><em style=\"color: #ff9900;\">Voies, aiguillages, en courant alternatif, avec contact central \u00e0 plot, accessoires, CC7107 et diverses voitures voyageurs tout m\u00e9tal. Mat\u00e9riel du d\u00e9but de la production du Maestro, il n&rsquo;y a que la gare et les 3 maisons qui ne sont pas Pocher.<\/em><\/strong><\/h3>\n<h6><strong><em><span style=\"color: #ff6600;\">Ce site est r\u00e9alis\u00e9 b\u00e9n\u00e9volement, sans but lucratif, principalement sur la production des mod\u00e8les r\u00e9duits ferroviaires, du Maestro Arnaldo Pocher<\/span><\/em><\/strong><\/h6>\n<h6><strong><em><span style=\"color: #ff6600;\">Questo sito \u00e8 stato creato volontariamente, senza fini di lucro, principalmente sulla produzione di modellismo ferroviario, dal Maestro Arnaldo Pocher<\/span><\/em><\/strong><\/h6>\n<h6><strong><em><span style=\"color: #ff6600;\">This site is created voluntarily, without profit, mainly on the production of model railways, by Maestro Arnaldo Pocher<\/span><\/em><\/strong><\/h6>\n<h6><strong><em><span style=\"color: #ff6600;\">Diese Website wird ehrenamtlich und ohne Gewinnabsicht erstellt und konzentriert sich haupts\u00e4chlich auf die Herstellung von Modelleisenbahnen, von Maestro Arnaldo Pocher<\/span><\/em><\/p>\n","protected":false},"excerpt":{"rendered":"<p>Version fran\u00e7aise, cliquer ici :&nbsp; &nbsp; Versione italiana, clicca qui :&nbsp; &nbsp; The english version, click here :&nbsp; &nbsp; Die deutsche version, klicken Sie hier :&nbsp; &nbsp; Petit forum pour vos commentaires : ici Un piccolo forum per i vostri commenti : qui A small forum for your comments : here Ein kleines Forum f\u00fcr [&hellip;]<\/p>\n","protected":false},"author":3,"featured_media":0,"parent":0,"menu_order":1,"comment_status":"closed","ping_status":"closed","template":"","meta":{"ngg_post_thumbnail":0,"footnotes":""},"class_list":["post-5","page","type-page","status-publish","hentry"],"_links":{"self":[{"href":"https:\/\/www.train-passion-pocher.com\/index.php?rest_route=\/wp\/v2\/pages\/5","targetHints":{"allow":["GET"]}}],"collection":[{"href":"https:\/\/www.train-passion-pocher.com\/index.php?rest_route=\/wp\/v2\/pages"}],"about":[{"href":"https:\/\/www.train-passion-pocher.com\/index.php?rest_route=\/wp\/v2\/types\/page"}],"author":[{"embeddable":true,"href":"https:\/\/www.train-passion-pocher.com\/index.php?rest_route=\/wp\/v2\/users\/3"}],"replies":[{"embeddable":true,"href":"https:\/\/www.train-passion-pocher.com\/index.php?rest_route=%2Fwp%2Fv2%2Fcomments&post=5"}],"version-history":[{"count":2,"href":"https:\/\/www.train-passion-pocher.com\/index.php?rest_route=\/wp\/v2\/pages\/5\/revisions"}],"predecessor-version":[{"id":26851,"href":"https:\/\/www.train-passion-pocher.com\/index.php?rest_route=\/wp\/v2\/pages\/5\/revisions\/26851"}],"wp:attachment":[{"href":"https:\/\/www.train-passion-pocher.com\/index.php?rest_route=%2Fwp%2Fv2%2Fmedia&parent=5"}],"curies":[{"name":"wp","href":"https:\/\/api.w.org\/{rel}","templated":true}]}}